{"id":8,"date":"2024-07-30T17:02:04","date_gmt":"2024-07-30T17:02:04","guid":{"rendered":"https:\/\/publicidadreal.com\/?page_id=8"},"modified":"2026-03-29T19:11:10","modified_gmt":"2026-03-29T19:11:10","slug":"pubicidad-real","status":"publish","type":"page","link":"https:\/\/publicidadreal.com\/","title":{"rendered":"Pubicidad Real"},"content":{"rendered":"\t\t<div data-elementor-type=\"wp-page\" data-elementor-id=\"8\" class=\"elementor elementor-8\" data-elementor-post-type=\"page\">\n\t\t\t\t<div class=\"elementor-element elementor-element-e1148b8 e-flex e-con-boxed e-con e-parent\" data-id=\"e1148b8\" data-element_type=\"container\">\n\t\t\t\t\t<div class=\"e-con-inner\">\n\t\t<div class=\"elementor-element elementor-element-7097428 e-con-full e-flex e-con e-child\" data-id=\"7097428\" data-element_type=\"container\">\n\t\t\t\t<div class=\"elementor-element elementor-element-106689d elementor-widget elementor-widget-image\" data-id=\"106689d\" data-element_type=\"widget\" data-widget_type=\"image.default\">\n\t\t\t\t<div class=\"elementor-widget-container\">\n\t\t\t<style>\/*! elementor - v3.23.0 - 25-07-2024 *\/\n.elementor-widget-image{text-align:center}.elementor-widget-image a{display:inline-block}.elementor-widget-image a img[src$=\".svg\"]{width:48px}.elementor-widget-image img{vertical-align:middle;display:inline-block}<\/style>\t\t\t\t\t\t\t\t\t\t\t<a href=\"https:\/\/publicidadreal.com\">\n\t\t\t\t\t\t\t<img fetchpriority=\"high\" decoding=\"async\" width=\"800\" height=\"624\" src=\"https:\/\/publicidadreal.com\/wp-content\/uploads\/2024\/07\/Editable-Publicidad-Real-Logo-1024x799.png\" class=\"attachment-large size-large wp-image-15\" alt=\"\" srcset=\"https:\/\/publicidadreal.com\/wp-content\/uploads\/2024\/07\/Editable-Publicidad-Real-Logo-1024x799.png 1024w, https:\/\/publicidadreal.com\/wp-content\/uploads\/2024\/07\/Editable-Publicidad-Real-Logo-300x234.png 300w, https:\/\/publicidadreal.com\/wp-content\/uploads\/2024\/07\/Editable-Publicidad-Real-Logo-768x599.png 768w, https:\/\/publicidadreal.com\/wp-content\/uploads\/2024\/07\/Editable-Publicidad-Real-Logo-1536x1198.png 1536w, https:\/\/publicidadreal.com\/wp-content\/uploads\/2024\/07\/Editable-Publicidad-Real-Logo.png 1967w\" sizes=\"(max-width: 800px) 100vw, 800px\" \/>\t\t\t\t\t\t\t\t<\/a>\n\t\t\t\t\t\t\t\t\t\t\t\t\t<\/div>\n\t\t\t\t<\/div>\n\t\t\t\t<div class=\"elementor-element elementor-element-b1a10d6 elementor-widget elementor-widget-image\" data-id=\"b1a10d6\" data-element_type=\"widget\" data-widget_type=\"image.default\">\n\t\t\t\t<div class=\"elementor-widget-container\">\n\t\t\t\t\t\t\t\t\t\t\t\t\t<img decoding=\"async\" width=\"664\" height=\"330\" src=\"https:\/\/publicidadreal.com\/wp-content\/uploads\/2024\/07\/Title-1.png\" class=\"attachment-large size-large wp-image-25\" alt=\"\" srcset=\"https:\/\/publicidadreal.com\/wp-content\/uploads\/2024\/07\/Title-1.png 664w, https:\/\/publicidadreal.com\/wp-content\/uploads\/2024\/07\/Title-1-300x149.png 300w\" sizes=\"(max-width: 664px) 100vw, 664px\" \/>\t\t\t\t\t\t\t\t\t\t\t\t\t<\/div>\n\t\t\t\t<\/div>\n\t\t\t\t<div class=\"elementor-element elementor-element-ba007e5 elementor-widget elementor-widget-heading\" data-id=\"ba007e5\" data-element_type=\"widget\" data-widget_type=\"heading.default\">\n\t\t\t\t<div class=\"elementor-widget-container\">\n\t\t\t<style>\/*! elementor - v3.23.0 - 25-07-2024 *\/\n.elementor-heading-title{padding:0;margin:0;line-height:1}.elementor-widget-heading .elementor-heading-title[class*=elementor-size-]>a{color:inherit;font-size:inherit;line-height:inherit}.elementor-widget-heading .elementor-heading-title.elementor-size-small{font-size:15px}.elementor-widget-heading .elementor-heading-title.elementor-size-medium{font-size:19px}.elementor-widget-heading .elementor-heading-title.elementor-size-large{font-size:29px}.elementor-widget-heading .elementor-heading-title.elementor-size-xl{font-size:39px}.elementor-widget-heading .elementor-heading-title.elementor-size-xxl{font-size:59px}<\/style><h2 class=\"elementor-heading-title elementor-size-default\">Selecciona tu pa\u00eds o regi\u00f3n.<\/h2>\t\t<\/div>\n\t\t\t\t<\/div>\n\t\t<div class=\"elementor-element elementor-element-083baa3 e-con-full e-flex e-con e-child\" data-id=\"083baa3\" data-element_type=\"container\">\n\t\t<div class=\"elementor-element elementor-element-5cae802 e-con-full e-flex e-con e-child\" data-id=\"5cae802\" data-element_type=\"container\">\n\t\t\t\t<div class=\"elementor-element elementor-element-d31040c elementor-widget elementor-widget-heading\" data-id=\"d31040c\" data-element_type=\"widget\" data-widget_type=\"heading.default\">\n\t\t\t\t<div class=\"elementor-widget-container\">\n\t\t\t<h2 class=\"elementor-heading-title elementor-size-default\">Norte America<\/h2>\t\t<\/div>\n\t\t\t\t<\/div>\n\t\t\t\t<div class=\"elementor-element elementor-element-f0d9e5f elementor-position-left elementor-position-left elementor-vertical-align-middle elementor-vertical-align-middle elementor-widget elementor-widget-image-box\" data-id=\"f0d9e5f\" data-element_type=\"widget\" data-widget_type=\"image-box.default\">\n\t\t\t\t<div class=\"elementor-widget-container\">\n\t\t\t<style>\/*! elementor - v3.23.0 - 25-07-2024 *\/\n.elementor-widget-image-box .elementor-image-box-content{width:100%}@media (min-width:768px){.elementor-widget-image-box.elementor-position-left .elementor-image-box-wrapper,.elementor-widget-image-box.elementor-position-right .elementor-image-box-wrapper{display:flex}.elementor-widget-image-box.elementor-position-right .elementor-image-box-wrapper{text-align:end;flex-direction:row-reverse}.elementor-widget-image-box.elementor-position-left .elementor-image-box-wrapper{text-align:start;flex-direction:row}.elementor-widget-image-box.elementor-position-top .elementor-image-box-img{margin:auto}.elementor-widget-image-box.elementor-vertical-align-top .elementor-image-box-wrapper{align-items:flex-start}.elementor-widget-image-box.elementor-vertical-align-middle .elementor-image-box-wrapper{align-items:center}.elementor-widget-image-box.elementor-vertical-align-bottom .elementor-image-box-wrapper{align-items:flex-end}}@media (max-width:767px){.elementor-widget-image-box .elementor-image-box-img{margin-left:auto!important;margin-right:auto!important;margin-bottom:15px}}.elementor-widget-image-box .elementor-image-box-img{display:inline-block}.elementor-widget-image-box .elementor-image-box-title a{color:inherit}.elementor-widget-image-box .elementor-image-box-wrapper{text-align:center}.elementor-widget-image-box .elementor-image-box-description{margin:0}<\/style><div class=\"elementor-image-box-wrapper\"><figure class=\"elementor-image-box-img\"><a href=\"https:\/\/publicidadreal.us\/\" target=\"_blank\" tabindex=\"-1\"><img decoding=\"async\" width=\"512\" height=\"512\" src=\"https:\/\/publicidadreal.com\/wp-content\/uploads\/2024\/07\/united-states.png\" class=\"attachment-full size-full wp-image-34\" alt=\"\" srcset=\"https:\/\/publicidadreal.com\/wp-content\/uploads\/2024\/07\/united-states.png 512w, https:\/\/publicidadreal.com\/wp-content\/uploads\/2024\/07\/united-states-300x300.png 300w, https:\/\/publicidadreal.com\/wp-content\/uploads\/2024\/07\/united-states-150x150.png 150w\" sizes=\"(max-width: 512px) 100vw, 512px\" \/><\/a><\/figure><div class=\"elementor-image-box-content\"><h3 class=\"elementor-image-box-title\"><a href=\"https:\/\/publicidadreal.us\/\" target=\"_blank\">PublicidadReal.us<\/a><\/h3><\/div><\/div>\t\t<\/div>\n\t\t\t\t<\/div>\n\t\t\t\t<div class=\"elementor-element elementor-element-b35b46e elementor-widget elementor-widget-heading\" data-id=\"b35b46e\" data-element_type=\"widget\" data-widget_type=\"heading.default\">\n\t\t\t\t<div class=\"elementor-widget-container\">\n\t\t\t<h2 class=\"elementor-heading-title elementor-size-default\">Europa<\/h2>\t\t<\/div>\n\t\t\t\t<\/div>\n\t\t\t\t<div class=\"elementor-element elementor-element-dbbd6b5 elementor-position-left elementor-position-left elementor-vertical-align-middle elementor-vertical-align-middle elementor-widget elementor-widget-image-box\" data-id=\"dbbd6b5\" data-element_type=\"widget\" data-widget_type=\"image-box.default\">\n\t\t\t\t<div class=\"elementor-widget-container\">\n\t\t\t<div class=\"elementor-image-box-wrapper\"><figure class=\"elementor-image-box-img\"><a href=\"https:\/\/www.instagram.com\/publicidadreal.esp\/\" target=\"_blank\" tabindex=\"-1\"><img loading=\"lazy\" decoding=\"async\" width=\"512\" height=\"512\" src=\"https:\/\/publicidadreal.com\/wp-content\/uploads\/2024\/07\/spain.png\" class=\"attachment-full size-full wp-image-35\" alt=\"\" srcset=\"https:\/\/publicidadreal.com\/wp-content\/uploads\/2024\/07\/spain.png 512w, https:\/\/publicidadreal.com\/wp-content\/uploads\/2024\/07\/spain-300x300.png 300w, https:\/\/publicidadreal.com\/wp-content\/uploads\/2024\/07\/spain-150x150.png 150w\" sizes=\"(max-width: 512px) 100vw, 512px\" \/><\/a><\/figure><div class=\"elementor-image-box-content\"><h3 class=\"elementor-image-box-title\"><a href=\"https:\/\/www.instagram.com\/publicidadreal.esp\/\" target=\"_blank\">PublicidadReal.com<\/a><\/h3><\/div><\/div>\t\t<\/div>\n\t\t\t\t<\/div>\n\t\t\t\t<\/div>\n\t\t<div class=\"elementor-element elementor-element-92b95ce e-con-full e-flex e-con e-child\" data-id=\"92b95ce\" data-element_type=\"container\">\n\t\t\t\t<div class=\"elementor-element elementor-element-45417d1 elementor-widget elementor-widget-heading\" data-id=\"45417d1\" data-element_type=\"widget\" data-widget_type=\"heading.default\">\n\t\t\t\t<div class=\"elementor-widget-container\">\n\t\t\t<h2 class=\"elementor-heading-title elementor-size-default\">Sur America<\/h2>\t\t<\/div>\n\t\t\t\t<\/div>\n\t\t\t\t<div class=\"elementor-element elementor-element-1f74bd5 elementor-position-left elementor-position-left elementor-vertical-align-middle elementor-vertical-align-middle elementor-widget elementor-widget-image-box\" data-id=\"1f74bd5\" data-element_type=\"widget\" data-widget_type=\"image-box.default\">\n\t\t\t\t<div class=\"elementor-widget-container\">\n\t\t\t<div class=\"elementor-image-box-wrapper\"><figure class=\"elementor-image-box-img\"><a href=\"https:\/\/publicidadreal.com.co\" target=\"_blank\" tabindex=\"-1\"><img loading=\"lazy\" decoding=\"async\" width=\"512\" height=\"512\" src=\"https:\/\/publicidadreal.com\/wp-content\/uploads\/2024\/07\/colombia.png\" class=\"attachment-full size-full wp-image-36\" alt=\"\" srcset=\"https:\/\/publicidadreal.com\/wp-content\/uploads\/2024\/07\/colombia.png 512w, https:\/\/publicidadreal.com\/wp-content\/uploads\/2024\/07\/colombia-300x300.png 300w, https:\/\/publicidadreal.com\/wp-content\/uploads\/2024\/07\/colombia-150x150.png 150w\" sizes=\"(max-width: 512px) 100vw, 512px\" \/><\/a><\/figure><div class=\"elementor-image-box-content\"><h3 class=\"elementor-image-box-title\"><a href=\"https:\/\/publicidadreal.com.co\" target=\"_blank\">PublicidadReal.com.co<\/a><\/h3><\/div><\/div>\t\t<\/div>\n\t\t\t\t<\/div>\n\t\t\t\t<div class=\"elementor-element elementor-element-2ec5d21 elementor-widget elementor-widget-heading\" data-id=\"2ec5d21\" data-element_type=\"widget\" data-widget_type=\"heading.default\">\n\t\t\t\t<div class=\"elementor-widget-container\">\n\t\t\t<h2 class=\"elementor-heading-title elementor-size-default\">Centro  America<\/h2>\t\t<\/div>\n\t\t\t\t<\/div>\n\t\t\t\t<div class=\"elementor-element elementor-element-834ce1a elementor-position-left elementor-vertical-align-middle elementor-widget elementor-widget-image-box\" data-id=\"834ce1a\" data-element_type=\"widget\" data-widget_type=\"image-box.default\">\n\t\t\t\t<div class=\"elementor-widget-container\">\n\t\t\t<div class=\"elementor-image-box-wrapper\"><figure class=\"elementor-image-box-img\"><a href=\"http:\/\/publicidadreal.com.mx\/\" target=\"_blank\" tabindex=\"-1\"><img loading=\"lazy\" decoding=\"async\" width=\"512\" height=\"512\" src=\"https:\/\/publicidadreal.com\/wp-content\/uploads\/2024\/07\/mexico.png\" class=\"attachment-full size-full wp-image-37\" alt=\"\" srcset=\"https:\/\/publicidadreal.com\/wp-content\/uploads\/2024\/07\/mexico.png 512w, https:\/\/publicidadreal.com\/wp-content\/uploads\/2024\/07\/mexico-300x300.png 300w, https:\/\/publicidadreal.com\/wp-content\/uploads\/2024\/07\/mexico-150x150.png 150w\" sizes=\"(max-width: 512px) 100vw, 512px\" \/><\/a><\/figure><div class=\"elementor-image-box-content\"><h3 class=\"elementor-image-box-title\"><a href=\"http:\/\/publicidadreal.com.mx\/\" target=\"_blank\">PublicidadReal.com.mx<\/a><\/h3><\/div><\/div>\t\t<\/div>\n\t\t\t\t<\/div>\n\t\t\t\t<\/div>\n\t\t<div class=\"elementor-element elementor-element-06c0d5f e-con-full e-flex e-con e-child\" data-id=\"06c0d5f\" data-element_type=\"container\">\n\t\t\t\t<div class=\"elementor-element elementor-element-b566a48 elementor-position-left elementor-position-left elementor-vertical-align-middle elementor-vertical-align-middle elementor-widget elementor-widget-image-box\" data-id=\"b566a48\" data-element_type=\"widget\" data-widget_type=\"image-box.default\">\n\t\t\t\t<div class=\"elementor-widget-container\">\n\t\t\t<div class=\"elementor-image-box-wrapper\"><figure class=\"elementor-image-box-img\"><a href=\"https:\/\/whois.domaintools.com\" target=\"_blank\" tabindex=\"-1\"><img loading=\"lazy\" decoding=\"async\" width=\"900\" height=\"900\" src=\"https:\/\/publicidadreal.com\/wp-content\/uploads\/2025\/03\/png-clipart-www-logo-internet-computer-icons-world-wide-web-web-design-text.png\" class=\"attachment-full size-full wp-image-166\" alt=\"\" srcset=\"https:\/\/publicidadreal.com\/wp-content\/uploads\/2025\/03\/png-clipart-www-logo-internet-computer-icons-world-wide-web-web-design-text.png 900w, https:\/\/publicidadreal.com\/wp-content\/uploads\/2025\/03\/png-clipart-www-logo-internet-computer-icons-world-wide-web-web-design-text-300x300.png 300w, https:\/\/publicidadreal.com\/wp-content\/uploads\/2025\/03\/png-clipart-www-logo-internet-computer-icons-world-wide-web-web-design-text-150x150.png 150w, https:\/\/publicidadreal.com\/wp-content\/uploads\/2025\/03\/png-clipart-www-logo-internet-computer-icons-world-wide-web-web-design-text-768x768.png 768w\" sizes=\"(max-width: 900px) 100vw, 900px\" \/><\/a><\/figure><\/div>\t\t<\/div>\n\t\t\t\t<\/div>\n\t\t\t\t<div class=\"elementor-element elementor-element-15aae4a elementor-position-left elementor-position-left elementor-vertical-align-middle elementor-vertical-align-middle elementor-widget elementor-widget-image-box\" data-id=\"15aae4a\" data-element_type=\"widget\" data-widget_type=\"image-box.default\">\n\t\t\t\t<div class=\"elementor-widget-container\">\n\t\t\t<div class=\"elementor-image-box-wrapper\"><figure class=\"elementor-image-box-img\"><a href=\"https:\/\/www.wework.com\/es-LA\/locations\" target=\"_blank\" tabindex=\"-1\"><img loading=\"lazy\" decoding=\"async\" width=\"512\" height=\"512\" src=\"https:\/\/publicidadreal.com\/wp-content\/uploads\/2024\/08\/129989.png\" class=\"attachment-full size-full wp-image-143\" alt=\"\" srcset=\"https:\/\/publicidadreal.com\/wp-content\/uploads\/2024\/08\/129989.png 512w, https:\/\/publicidadreal.com\/wp-content\/uploads\/2024\/08\/129989-300x300.png 300w, https:\/\/publicidadreal.com\/wp-content\/uploads\/2024\/08\/129989-150x150.png 150w\" sizes=\"(max-width: 512px) 100vw, 512px\" \/><\/a><\/figure><\/div>\t\t<\/div>\n\t\t\t\t<\/div>\n\t\t\t\t<div class=\"elementor-element elementor-element-cec9bb1 elementor-widget elementor-widget-heading\" data-id=\"cec9bb1\" data-element_type=\"widget\" data-widget_type=\"heading.default\">\n\t\t\t\t<div class=\"elementor-widget-container\">\n\t\t\t<h2 class=\"elementor-heading-title elementor-size-default\">Somos expertos en programaci\u00f3n web, desarrollo de aplicaciones m\u00f3viles y dise\u00f1o gr\u00e1fico. Con presencia nacional e internacional, contamos con varias sedes en diferentes pa\u00edses para ofrecerte el mejor servicio. <\/h2>\t\t<\/div>\n\t\t\t\t<\/div>\n\t\t\t\t<\/div>\n\t\t\t\t<\/div>\n\t\t<div class=\"elementor-element elementor-element-8954cc5 e-con-full elementor-hidden-tablet elementor-hidden-mobile e-flex e-con e-child\" data-id=\"8954cc5\" data-element_type=\"container\">\n\t\t\t\t<\/div>\n\t\t\t\t<\/div>\n\t\t\t\t\t<\/div>\n\t\t\t\t<\/div>\n\t\t\t\t<\/div>\n\t\t","protected":false},"excerpt":{"rendered":"<p>Selecciona tu pa\u00eds o regi\u00f3n. Norte America PublicidadReal.us Europa PublicidadReal.com Sur America PublicidadReal.com.co Centro America PublicidadReal.com.mx Somos expertos en programaci\u00f3n web, desarrollo de aplicaciones m\u00f3viles y dise\u00f1o gr\u00e1fico. Con presencia nacional e internacional, contamos con varias sedes en diferentes pa\u00edses para ofrecerte el mejor servicio.<\/p>\n","protected":false},"author":1,"featured_media":0,"parent":0,"menu_order":0,"comment_status":"closed","ping_status":"closed","template":"elementor_canvas","meta":{"footnotes":""},"class_list":["post-8","page","type-page","status-publish","hentry"],"_links":{"self":[{"href":"https:\/\/publicidadreal.com\/index.php\/wp-json\/wp\/v2\/pages\/8","targetHints":{"allow":["GET"]}}],"collection":[{"href":"https:\/\/publicidadreal.com\/index.php\/wp-json\/wp\/v2\/pages"}],"about":[{"href":"https:\/\/publicidadreal.com\/index.php\/wp-json\/wp\/v2\/types\/page"}],"author":[{"embeddable":true,"href":"https:\/\/publicidadreal.com\/index.php\/wp-json\/wp\/v2\/users\/1"}],"replies":[{"embeddable":true,"href":"https:\/\/publicidadreal.com\/index.php\/wp-json\/wp\/v2\/comments?post=8"}],"version-history":[{"count":145,"href":"https:\/\/publicidadreal.com\/index.php\/wp-json\/wp\/v2\/pages\/8\/revisions"}],"predecessor-version":[{"id":184,"href":"https:\/\/publicidadreal.com\/index.php\/wp-json\/wp\/v2\/pages\/8\/revisions\/184"}],"wp:attachment":[{"href":"https:\/\/publicidadreal.com\/index.php\/wp-json\/wp\/v2\/media?parent=8"}],"curies":[{"name":"wp","href":"https:\/\/api.w.org\/{rel}","templated":true}]}}